{"id":304,"date":"2021-05-07T05:56:59","date_gmt":"2021-05-07T05:56:59","guid":{"rendered":"https:\/\/patriciasecco.com\/v2\/?page_id=304"},"modified":"2021-06-21T13:41:19","modified_gmt":"2021-06-21T13:41:19","slug":"bio","status":"publish","type":"page","link":"https:\/\/patriciasecco.com\/v2\/bio\/","title":{"rendered":"Bio"},"content":{"rendered":"<p>[vc_row full_screen_section_height=&#8221;no&#8221;][vc_column][vc_column_text]<\/p>\n<h3><span style=\"color: #000000;\">PATRICIA SECCO<\/span><\/h3>\n<p>[\/vc_column_text][\/vc_column][\/vc_row][vc_row full_screen_section_height=&#8221;no&#8221;][vc_column width=&#8221;1\/5&#8243;][vc_empty_space height=&#8221;12px&#8221;][vc_single_image image=&#8221;465&#8243; img_size=&#8221;429&#215;200&#8243;][\/vc_column][vc_column width=&#8221;1\/5&#8243;][vc_empty_space height=&#8221;12px&#8221;][\/vc_column][vc_column width=&#8221;1\/5&#8243;][\/vc_column][vc_column width=&#8221;1\/5&#8243;][\/vc_column][vc_column width=&#8221;1\/5&#8243;][\/vc_column][\/vc_row][vc_row full_screen_section_height=&#8221;no&#8221;][vc_column][vc_column_text]<span style=\"color: #000000;\">Patricia Secco nasceu em 1957. No Brasil fez a Faculdade Benneth de Arquitetura, no Rio de Janeiro, logo trabalhou com grandes nomes na arquitetura, como Paulo Cas\u00e9 e Luis Acioli.<\/span><br \/>\n<span style=\"color: #000000;\">Em 1989, foi morar nos EUA, aonde cursou a Faculdade The Corcoran School of Art, em Washington DC.<\/span><br \/>\n<span style=\"color: #000000;\">Largou a carreira de arquiteta e se tornou artista pl\u00e1stica, aonde exp\u00f5e h\u00e1 30 em v\u00e1rios lugares do mundo e por ser carioca, concentra mais suas exposi\u00e7\u00f5es no Rio de Janeiro.<\/span><br \/>\n<span style=\"color: #000000;\">Inspirada sempre pela exuberante natureza que cercou sua inf\u00e2ncia e adolesc\u00eancia no Brasil, seu trabalho caracteriza-se pelos motivos coloridos e fortes, balanceados por um suave e elegante toque feminino.<\/span><br \/>\n<span style=\"color: #000000;\">Casada com economista de Meio Ambiente, Sergio Margulis, sempre respirou e se preocupou com a m\u00e3e terra.<\/span><br \/>\n<span style=\"color: #000000;\">Por isso seus temas s\u00e3o sempre a natureza e suas consequ\u00eancias.<\/span><br \/>\n<span style=\"color: #000000;\">Suas exibi\u00e7\u00f5es Individuais incluem Nova York, Paris, Roma, Londres, Berlim, Marselha, Washington DC, Miami, S\u00e3o Paulo, Mato Grosso do Sul e Rio de Janeiro.<\/span><br \/>\n<span style=\"color: #000000;\">Participouda famosa Bienal de Floren\u00e7a em 2005, e ganhou numerosos pr\u00eamios e men\u00e7\u00f5es honrosas ao longo de sua carreira. Foi convidade para expor na Vienal de Veneza, mas com a Pandemia, n\u00e3o aconteceu ainda.<\/span><br \/>\n<span style=\"color: #000000;\">Sua arte \u00e9 publicada em v\u00e1rias revistas de Arte, livros, mat\u00e9rias na TV Globo, no jornal O Globo, revista Veja, revista Vogue e no Jornal do Brasil.<\/span>[\/vc_column_text][\/vc_column][\/vc_row][vc_row full_screen_section_height=&#8221;no&#8221;][vc_column][vc_empty_space height=&#8221;62px&#8221;][vc_column_text]<\/p>\n<h3><span style=\"color: #000000;\">Exposi\u00e7\u00f5es Solo, Exposi\u00e7\u00f5es Coletivas e Pr\u00eamios<\/span><\/h3>\n<p>&nbsp;<\/p>\n<h2><span style=\"color: #000000;\">EXPOSI\u00c7\u00d5ES SOLO<\/span><\/h2>\n<p>&nbsp;<\/p>\n<p><span style=\"color: #000000;\"><strong>Gallery 32 \u2013<\/strong>\u00a0Londres, Inglaterra \u2013 Maio\/2017<\/span><\/p>\n<p><span style=\"color: #000000;\"><strong>Art\u00e3 Galeria \u2013<\/strong>\u00a0Rio de Janeiro \u2013 Agosto\/2016<\/span><\/p>\n<p><span style=\"color: #000000;\"><strong>Galeria do STJ \u2013<\/strong>\u00a0Bras\u00edlia \u2013 Mar\u00e7o de 2016<\/span><\/p>\n<p><span style=\"color: #000000;\"><strong>Museu do Meio Ambiente do Jardim Bot\u00e2nico do Rio de Janeiro \u2013<\/strong>\u00a0Outubro de 2015<\/span><\/p>\n<p><span style=\"color: #000000;\"><strong>Galeria CCBB \u2013<\/strong>\u00a0Bras\u00edlia \u2013 Setembro de 2014<\/span><\/p>\n<p><span style=\"color: #000000;\"><strong>Galeria Alexandra Archer \u2013<\/strong>\u00a0Rio de Janeiro \u2013 Abril de 2013<\/span><\/p>\n<p><span style=\"color: #000000;\"><strong>Galeria Azeredo da Silveira \u2013<\/strong>\u00a0Washington DC, Estados Unidos \u2013 Junho de 2010<\/span><\/p>\n<p><span style=\"color: #000000;\"><strong>Galeria Patricia Costa \u2013<\/strong>\u00a0Rio de Janeiro \u2013 Agosto de 2009<\/span><\/p>\n<p><span style=\"color: #000000;\"><strong>Galeria do Centro Cultural C\u00e2ndido Mendes \u2013<\/strong>\u00a0Rio de Janeiro \u2013 Agosto de 2007<\/span><\/p>\n<p><span style=\"color: #000000;\"><strong>Gallery 32 \u2013<\/strong>\u00a0Londres, Inglaterra \u2013 Abril de 2007<\/span><\/p>\n<p><span style=\"color: #000000;\"><strong>Universidade de Maryland \u2013<\/strong>\u00a0Washington DC, Estados Unidos \u2013 Mar\u00e7o de 2007<\/span><\/p>\n<p><span style=\"color: #000000;\"><strong>Galeria Solange Rabello \u2013<\/strong>\u00a0Miami, Estados Unidos \u2013 Mar\u00e7o de 2006<\/span><\/p>\n<p><span style=\"color: #000000;\"><strong>Centro Cultural Laura Alvim \u2013<\/strong>\u00a0Rio de Janeiro \u2013 Setembro de 2005<\/span><\/p>\n<p><span style=\"color: #000000;\"><strong>Galeria Candido Portinari \u2013<\/strong>\u00a0Roma, It\u00e1lia \u2013 Novembro de 2004<\/span><\/p>\n<p><span style=\"color: #000000;\"><strong>Galeria Art H \u2013<\/strong>\u00a0Lisboa, Portugal \u2013 Setembro de 2004<\/span><\/p>\n<p><span style=\"color: #000000;\"><strong>Galeria da Caixa Econ\u00f4mica Federal \u2013\u00a0<\/strong>S\u00e3o Paulo \u2013 Julho de 2004<\/span><\/p>\n<p><span style=\"color: #000000;\"><strong>MARCO \u2013<\/strong>\u00a0Museu de Arte Contemporanea de Mato Grosso do Sul \u2013 Dezembro de 2003<\/span><\/p>\n<p><span style=\"color: #000000;\"><strong>Galeria da Caixa Econ\u00f4mica Federal \u2013<\/strong>\u00a0Bras\u00edlia \u2013 Junho de 2003<\/span><\/p>\n<p><span style=\"color: #000000;\"><strong>Galeria Debret \u2013<\/strong>\u00a0Paris, Fran\u00e7a \u2013 Abril de 2002<\/span><\/p>\n<p><span style=\"color: #000000;\"><strong>Galeria da Embaixada do Brasil \u2013<\/strong>\u00a0Berlim, Alemanha \u2013 Mar\u00e7o de 2002<\/span><\/p>\n<p><span style=\"color: #000000;\"><strong>MNBA \u2013 Museu Nacional de Belas Artes \u2013<\/strong>\u00a0Rio de Janeiro \u2013 Fevereiro de 2001<\/span><\/p>\n<p>&nbsp;<\/p>\n<h2><span style=\"color: #000000;\">EXPOSI\u00c7\u00d5ES COLETIVAS<\/span><\/h2>\n<p>&nbsp;<\/p>\n<p><span style=\"color: #000000;\"><strong>Art Basel \u2013 Scope \u2013<\/strong>\u00a0Miami, Estados Unidos \u2013 Dezembro de 2015<\/span><\/p>\n<p><span style=\"color: #000000;\"><strong>Bienal de Miami \u2013<\/strong>\u00a0Miami, Estados Unidos \u2013 Junho de 2013<\/span><\/p>\n<p><span style=\"color: #000000;\"><strong>Art Basel \u2013<\/strong>\u00a0Miami River Center \u2013 Miami, Estados Unidos \u2013 Dezembro de 2012<\/span><\/p>\n<p><span style=\"color: #000000;\"><strong>Mus\u00e9e du Tapicerie \u2013<\/strong>\u00a0Aix en Provence, Fran\u00e7a \u2013 Julho de 2011<\/span><\/p>\n<p><span style=\"color: #000000;\"><strong>Art Basel \u2013<\/strong>\u00a0Galeria Nina Torres \u2013 Miami, Estados Unidos \u2013 Dezembro de 2010<\/span><\/p>\n<p><span style=\"color: #000000;\"><strong>Galeria Broadway \u2013<\/strong>\u00a0Nova York, Estados Unidos \u2013 Outubro de 2010<\/span><\/p>\n<p><span style=\"color: #000000;\"><strong>Cowparade \u2013<\/strong>\u00a0Rio de Janeiro \u2013 Mar\u00e7o de 2007<\/span><\/p>\n<p><span style=\"color: #000000;\"><strong>Galeria Solange Rabello \u2013<\/strong>\u00a0Miami, Estados Unidos \u2013 Maio de 2006<\/span><\/p>\n<p><span style=\"color: #000000;\"><strong>5a Bienal Internacional de Artes Visuais \u2013<\/strong>\u00a0Liege, B\u00e9lgica \u2013 Mar\u00e7o de 2006<\/span><\/p>\n<p><span style=\"color: #000000;\"><strong>1a Bienal Internacional de Floren\u00e7a \u2013<\/strong>\u00a0Fortezza de Basso, It\u00e1lia \u2013 Dezembro de 2005<\/span><\/p>\n<p><span style=\"color: #000000;\"><strong>Galeria da Bolsa de Valores do Rio de Janeiro \u2013<\/strong>\u00a0Rio de Janeiro, Brasil \u2013 Julho de 2005<\/span><\/p>\n<p>&nbsp;<\/p>\n<h2><span style=\"color: #000000;\">PR\u00caMIOS<\/span><\/h2>\n<p>&nbsp;<\/p>\n<p><span style=\"color: #000000;\"><strong>PANDAMANIA \u2013 Panda Alice \u2013<\/strong>\u00a0Washington DC, Estados Unidos \u2013 Setembro de 2004<\/span><\/p>\n<p><span style=\"color: #000000;\"><strong>Medalha de Arte Joaquim Noberto \u2013<\/strong>\u00a0Academia Brasileira de Escritores \u2013 Rio de Janeiro, Brasil \u2013 Outubro de 2001<\/span><\/p>\n<p><span style=\"color: #000000;\"><strong>Trof\u00e9u Mulheres na Arte \u2013 Academia Internacional de Cultura \u2013<\/strong>\u00a0Bras\u00edlia, Brasil \u2013 Mar\u00e7o de 2001<\/span><\/p>\n<p><span style=\"color: #000000;\"><strong>Men\u00e7\u00e3o Honrosa \u2013 Quadro \u201cHibiscus de Seda\u201d \u2013 Museu da Mulher \u2013<\/strong>\u00a0Washington DC \u2013 Novembro de 1997<\/span><\/p>\n<p><span style=\"color: #000000;\"><strong>Primeiro e Segundo lugares \u2013 Quadros \u201d Reflexos\u201d and \u201cFascina\u00e7\u00e3o\u201d.<\/strong>\u00a0Competi\u00e7\u00e3o do Jardim Bot\u00e2nico do Rio de Janeiro \u2013 Fevereiro de 1997<\/span><\/p>\n<p><span style=\"color: #000000;\"><strong>Men\u00e7\u00e3o Honrosa \u2013 Quadro \u201cO Som das Orqu\u00eddeas\u201d \u2013 Tavern Museum \u2013<\/strong>\u00a0Washington DC \u2013 Julho de 1996<\/span><\/p>\n<p><span style=\"color: #000000;\"><strong>Men\u00e7\u00e3o Honrosa \u2013 Quadro \u201cA Flauta de Amarillis\u201d \u2013 Mansion Gallery \u2013<\/strong>\u00a0Washington DC \u2013 Setembro de 1996<\/span><\/p>\n<p><span style=\"color: #000000;\"><strong>Primeiro lugar \u2013 Quadro \u201cOrthophytum Burle-Max\u201d \u2013 Sociedade Brasileira de Brom\u00e9lias \u2013<\/strong>\u00a0Rio de Janeiro, Brasil \u2013 1995<\/span>[\/vc_column_text][\/vc_column][\/vc_row]<\/p>\n","protected":false},"excerpt":{"rendered":"<p>[vc_row full_screen_section_height=&#8221;no&#8221;][vc_column][vc_column_text] PATRICIA SECCO [\/vc_column_text][\/vc_column][\/vc_row][vc_row full_screen_section_height=&#8221;no&#8221;][vc_column width=&#8221;1\/5&#8243;][vc_empty_space height=&#8221;12px&#8221;][vc_single_image image=&#8221;465&#8243; img_size=&#8221;429&#215;200&#8243;][\/vc_column][vc_column width=&#8221;1\/5&#8243;][vc_empty_space height=&#8221;12px&#8221;][\/vc_column][vc_column width=&#8221;1\/5&#8243;][\/vc_column][vc_column width=&#8221;1\/5&#8243;][\/vc_column][vc_column width=&#8221;1\/5&#8243;][\/vc_column][\/vc_row][vc_row full_screen_section_height=&#8221;no&#8221;][vc_column][vc_column_text]Patricia Secco nasceu em 1957. No Brasil fez a Faculdade Benneth de Arquitetura, no Rio de Janeiro, logo trabalhou com grandes nomes na arquitetura, como Paulo Cas\u00e9 e Luis Acioli&#8230;.<\/p>\n","protected":false},"author":1,"featured_media":0,"parent":0,"menu_order":0,"comment_status":"closed","ping_status":"closed","template":"","meta":{"footnotes":""},"class_list":["post-304","page","type-page","status-publish","hentry"],"_links":{"self":[{"href":"https:\/\/patriciasecco.com\/v2\/wp-json\/wp\/v2\/pages\/304","targetHints":{"allow":["GET"]}}],"collection":[{"href":"https:\/\/patriciasecco.com\/v2\/wp-json\/wp\/v2\/pages"}],"about":[{"href":"https:\/\/patriciasecco.com\/v2\/wp-json\/wp\/v2\/types\/page"}],"author":[{"embeddable":true,"href":"https:\/\/patriciasecco.com\/v2\/wp-json\/wp\/v2\/users\/1"}],"replies":[{"embeddable":true,"href":"https:\/\/patriciasecco.com\/v2\/wp-json\/wp\/v2\/comments?post=304"}],"version-history":[{"count":20,"href":"https:\/\/patriciasecco.com\/v2\/wp-json\/wp\/v2\/pages\/304\/revisions"}],"predecessor-version":[{"id":486,"href":"https:\/\/patriciasecco.com\/v2\/wp-json\/wp\/v2\/pages\/304\/revisions\/486"}],"wp:attachment":[{"href":"https:\/\/patriciasecco.com\/v2\/wp-json\/wp\/v2\/media?parent=304"}],"curies":[{"name":"wp","href":"https:\/\/api.w.org\/{rel}","templated":true}]}}